{"id":3,"date":"2023-03-19T21:10:54","date_gmt":"2023-03-19T21:10:54","guid":{"rendered":"http:\/\/www.kosek.farm\/?page_id=3"},"modified":"2023-09-06T22:30:47","modified_gmt":"2023-09-06T22:30:47","slug":"privacy-policy","status":"publish","type":"page","link":"https:\/\/www.kosek.farm\/index.php\/privacy-policy\/","title":{"rendered":"Polityka prywatno\u015bci"},"content":{"rendered":"\n<p>Niniejsza polityka prywatno\u015bci okre\u015bla zasady przetwarzania danych osobowych przez Kosek Sp\u00f3\u0142ka Jawna z siedzib\u0105 w O\u015bwi\u0119cimiu (kod pocztowy 32-600), ul. Sadowa 9A, NIP 5492445695, REGON 366004425, wpisan\u0105 do Krajowego Rejestru S\u0105dowego pod numerem KRS 0000673536 (dalej jako &#8222;Kosek&#8221;).<\/p>\n\n\n\n<ol>\n<li><strong>Administrator Danych Osobowych<\/strong><\/li>\n<\/ol>\n\n\n\n<p>Administratorem danych osobowych jest Kosek Sp\u00f3\u0142ka Jawna z siedzib\u0105 w O\u015bwi\u0119cimiu, kt\u00f3ra jest odpowiedzialna za przetwarzanie danych osobowych w spos\u00f3b zgodny z obowi\u0105zuj\u0105cymi przepisami prawa.<\/p>\n\n\n\n<ol start=\"2\">\n<li><strong>Cele i podstawy przetwarzania danych osobowych<\/strong><\/li>\n<\/ol>\n\n\n\n<p>Kosek przetwarza dane osobowe w celu:<\/p>\n\n\n\n<ul>\n<li>umo\u017cliwienia korzystania z us\u0142ug \u015bwiadczonych przez stron\u0119 internetow\u0105 <a href=\"http:\/\/www.kosek.farm\/\">www.kosek.farm<\/a> oraz zawierania um\u00f3w w tym zakresie,<\/li>\n\n\n\n<li>realizacji zam\u00f3wie\u0144 oraz zapewnienia ich prawid\u0142owej realizacji,<\/li>\n\n\n\n<li>wykonania obowi\u0105zk\u00f3w wynikaj\u0105cych z przepis\u00f3w prawa,<\/li>\n\n\n\n<li>rozpatrzenia reklamacji oraz udzielania odpowiedzi na zapytania i wnioski,<\/li>\n\n\n\n<li>prowadzenia dzia\u0142a\u0144 marketingowych i promocyjnych, w tym przesy\u0142ania newslettera, o ile u\u017cytkownik wyrazi\u0142 na to zgod\u0119.<\/li>\n<\/ul>\n\n\n\n<p>Podstawy prawne przetwarzania danych osobowych przez Kosek wynikaj\u0105 z:<\/p>\n\n\n\n<ul>\n<li>umowy lub dzia\u0142a\u0144 przed zawarciem umowy, w kt\u00f3rej uczestniczy u\u017cytkownik,<\/li>\n\n\n\n<li>prawnie uzasadnionych interes\u00f3w realizowanych przez Kosek,<\/li>\n\n\n\n<li>obowi\u0105zk\u00f3w wynikaj\u0105cych z przepis\u00f3w prawa,<\/li>\n\n\n\n<li>zgody u\u017cytkownika na przetwarzanie danych osobowych w okre\u015blonym celu.<\/li>\n<\/ul>\n\n\n\n<ol start=\"3\">\n<li><strong>Rodzaje przetwarzanych danych osobowych<\/strong><\/li>\n<\/ol>\n\n\n\n<p>Kosek przetwarza nast\u0119puj\u0105ce rodzaje danych osobowych:<\/p>\n\n\n\n<ul>\n<li>imi\u0119 i nazwisko,<\/li>\n\n\n\n<li>adres e-mail,<\/li>\n\n\n\n<li>numer telefonu,<\/li>\n\n\n\n<li>adres zamieszkania lub siedziby,<\/li>\n\n\n\n<li>dane logowania (adres IP, czas po\u0142\u0105czenia, rodzaj przegl\u0105darki),<\/li>\n\n\n\n<li>dane dotycz\u0105ce zam\u00f3wie\u0144, realizacji us\u0142ug oraz reklamacji,<\/li>\n\n\n\n<li>inne dane przekazane dobrowolnie przez u\u017cytkownika.<\/li>\n<\/ul>\n\n\n\n<ol start=\"4\">\n<li><strong>Odbiorcy danych osobowych<\/strong><\/li>\n<\/ol>\n\n\n\n<p>Dane osobowe przetwarzane przez Kosek mog\u0105 by\u0107 udost\u0119pniane wy\u0142\u0105cznie osobom upowa\u017cnionym do ich przetwarzania w celu umo\u017cliwienia \u015bwiadczenia us\u0142ug przez Kosek lub w celu spe\u0142nienia obowi\u0105zk\u00f3w wynikaj\u0105cych z przepis\u00f3w prawa. Dane osobowe mog\u0105 by\u0107 udost\u0119pniane podmiotom przetwarzaj\u0105cym dane na zlecenie Kosek, takim jak dostawcy us\u0142ug hostingowych lub dostawcy narz\u0119dzi analitycznych.<\/p>\n\n\n\n<ol start=\"5\">\n<li><strong>Okres przechowywania danych osobowych<\/strong><\/li>\n<\/ol>\n\n\n\n<p>Kosek przechowuje dane osobowe tylko przez okres niezb\u0119dny do realizacji cel\u00f3w, dla kt\u00f3rych zosta\u0142y zebrane, chyba \u017ce przepisy prawa wymagaj\u0105 d\u0142u\u017cszego okresu przechowywania danych osobowych. Po tym czasie dane osobowe s\u0105 usuwane lub anonimizowane.<\/p>\n\n\n\n<ol start=\"6\">\n<li><strong>Prawa u\u017cytkownik\u00f3w<\/strong><\/li>\n<\/ol>\n\n\n\n<p>U\u017cytkownicy strony <a href=\"http:\/\/www.kosek.farm\/\">www.kosek.farm<\/a> maj\u0105 prawo do:<\/p>\n\n\n\n<ul>\n<li>dost\u0119pu do swoich danych osobowych oraz ich poprawiania,<\/li>\n\n\n\n<li>usuni\u0119cia swoich danych osobowych,<\/li>\n\n\n\n<li>ograniczenia przetwarzania swoich danych osobowych,<\/li>\n\n\n\n<li>wniesienia sprzeciwu wobec przetwarzania swoich danych osobowych,<\/li>\n\n\n\n<li>przenoszenia swoich danych osobowych,<\/li>\n\n\n\n<li>wniesienia skargi do organu nadzorczego, kt\u00f3rym jest Prezes Urz\u0119du Ochrony Danych Osobowych.<\/li>\n<\/ul>\n\n\n\n<ol start=\"7\">\n<li><strong>Pliki cookies<\/strong><\/li>\n<\/ol>\n\n\n\n<p>Strona <a href=\"http:\/\/www.kosek.farm\/\">www.kosek.farm<\/a> wykorzystuje pliki cookies (tj. ma\u0142e pliki tekstowe zapisywane na urz\u0105dzeniu u\u017cytkownika), kt\u00f3re umo\u017cliwiaj\u0105 m.in. dostosowanie tre\u015bci strony do preferencji u\u017cytkownika oraz gromadzenie anonimowych danych statystycznych na temat korzystania ze strony. U\u017cytkownik mo\u017ce w ka\u017cdym czasie zmieni\u0107 ustawienia dotycz\u0105ce plik\u00f3w cookies lub ca\u0142kowicie zablokowa\u0107 ich zapisywanie na swoim urz\u0105dzeniu.<\/p>\n\n\n\n<ol start=\"8\">\n<li><strong>Zmiany w polityce prywatno\u015bci<\/strong><\/li>\n<\/ol>\n\n\n\n<p>Kosek zastrzega sobie prawo do wprowadzania zmian w niniejszej polityce prywatno\u015bci. Aktualizacje polityki prywatno\u015bci s\u0105 publikowane na stronie internetowej <a href=\"http:\/\/www.kosek.farm\/\">www.kosek.farm<\/a>.<\/p>\n\n\n\n<ol start=\"9\">\n<li><strong>Kontakt<\/strong><\/li>\n<\/ol>\n\n\n\n<p>W przypadku pyta\u0144 lub w\u0105tpliwo\u015bci dotycz\u0105cych przetwarzania danych osobowych mo\u017cna skontaktowa\u0107 si\u0119 z Kosek Sp\u00f3\u0142ka Jawna z siedzib\u0105 w O\u015bwi\u0119cimiu, ul. Sadowa 9A, kod pocztowy 32-600, pod adresem e-mail: <a href=\"mailto:kontakt@kosek.farm\">kontakt@kosek.farm<\/a>.<\/p>\n","protected":false},"excerpt":{"rendered":"<p>Niniejsza polityka prywatno\u015bci okre\u015bla zasady przetwarzania danych osobowych przez Kosek Sp\u00f3\u0142ka Jawna z siedzib\u0105 w O\u015bwi\u0119cimiu (kod pocztowy 32-600), ul. Sadowa 9A, NIP 5492445695, REGON 366004425, wpisan\u0105 do Krajowego Rejestru S\u0105dowego pod numerem KRS 0000673536 (dalej jako &#8222;Kosek&#8221;). Administratorem danych osobowych jest Kosek Sp\u00f3\u0142ka Jawna z siedzib\u0105 w O\u015bwi\u0119cimiu, kt\u00f3ra jest odpowiedzialna za przetwarzanie danych [&hellip;]<\/p>\n","protected":false},"author":1,"featured_media":0,"parent":0,"menu_order":0,"comment_status":"closed","ping_status":"open","template":"","meta":[],"_links":{"self":[{"href":"https:\/\/www.kosek.farm\/index.php\/wp-json\/wp\/v2\/pages\/3"}],"collection":[{"href":"https:\/\/www.kosek.farm\/index.php\/wp-json\/wp\/v2\/pages"}],"about":[{"href":"https:\/\/www.kosek.farm\/index.php\/wp-json\/wp\/v2\/types\/page"}],"author":[{"embeddable":true,"href":"https:\/\/www.kosek.farm\/index.php\/wp-json\/wp\/v2\/users\/1"}],"replies":[{"embeddable":true,"href":"https:\/\/www.kosek.farm\/index.php\/wp-json\/wp\/v2\/comments?post=3"}],"version-history":[{"count":1,"href":"https:\/\/www.kosek.farm\/index.php\/wp-json\/wp\/v2\/pages\/3\/revisions"}],"predecessor-version":[{"id":108,"href":"https:\/\/www.kosek.farm\/index.php\/wp-json\/wp\/v2\/pages\/3\/revisions\/108"}],"wp:attachment":[{"href":"https:\/\/www.kosek.farm\/index.php\/wp-json\/wp\/v2\/media?parent=3"}],"curies":[{"name":"wp","href":"https:\/\/api.w.org\/{rel}","templated":true}]}}